{"id":3477,"date":"2021-06-08T06:39:04","date_gmt":"2021-06-08T06:39:04","guid":{"rendered":"https:\/\/extremalnie.m-smart.pl\/?page_id=3477"},"modified":"2021-06-10T19:12:03","modified_gmt":"2021-06-10T19:12:03","slug":"wspinaczka","status":"publish","type":"page","link":"https:\/\/extreme-club.pl\/?page_id=3477","title":{"rendered":"Wspinaczka"},"content":{"rendered":"\t\t<div data-elementor-type=\"wp-post\" data-elementor-id=\"3477\" class=\"elementor elementor-3477\" data-elementor-settings=\"[]\">\n\t\t\t\t\t\t\t<div class=\"elementor-section-wrap\">\n\t\t\t\t\t\t\t<section class=\"elementor-section elementor-top-section elementor-element elementor-element-7116a5b2 elementor-section-boxed elementor-section-height-default elementor-section-height-default\" data-id=\"7116a5b2\" data-element_type=\"section\" data-settings=\"{&quot;background_background&quot;:&quot;classic&quot;}\">\n\t\t\t\t\t\t\t<div class=\"elementor-background-overlay\"><\/div>\n\t\t\t\t\t\t\t<div class=\"elementor-container elementor-column-gap-no\">\n\t\t\t\t\t<div class=\"elementor-column elementor-col-100 elementor-top-column elementor-element elementor-element-6439be06\" data-id=\"6439be06\" data-element_type=\"column\" data-settings=\"{&quot;background_background&quot;:&quot;classic&quot;}\">\n\t\t\t<div class=\"elementor-widget-wrap elementor-element-populated\">\n\t\t\t\t\t\t\t\t<div class=\"elementor-element elementor-element-198df6ee elementor-widget elementor-widget-heading\" data-id=\"198df6ee\" data-element_type=\"widget\" data-widget_type=\"heading.default\">\n\t\t\t\t<div class=\"elementor-widget-container\">\n\t\t\t<h1 class=\"elementor-heading-title elementor-size-default\">Wspinaczka<\/h1>\t\t<\/div>\n\t\t\t\t<\/div>\n\t\t\t\t\t<\/div>\n\t\t<\/div>\n\t\t\t\t\t\t\t<\/div>\n\t\t<\/section>\n\t\t\t\t<section class=\"elementor-section elementor-top-section elementor-element elementor-element-60jwbu2 elementor-section-full_width elementor-hidden-phone elementor-reverse-tablet elementor-reverse-mobile elementor-section-height-default elementor-section-height-default\" data-id=\"60jwbu2\" data-element_type=\"section\">\n\t\t\t\t\t\t<div class=\"elementor-container elementor-column-gap-default\">\n\t\t\t\t\t<div class=\"elementor-column elementor-col-100 elementor-top-column elementor-element elementor-element-3264865\" data-id=\"3264865\" data-element_type=\"column\">\n\t\t\t<div class=\"elementor-widget-wrap elementor-element-populated\">\n\t\t\t\t\t\t\t\t<div class=\"elementor-element elementor-element-b294ce9 elementor-widget elementor-widget-image\" data-id=\"b294ce9\" data-element_type=\"widget\" data-widget_type=\"image.default\">\n\t\t\t\t<div class=\"elementor-widget-container\">\n\t\t\t\t\t\t\t\t\t\t\t\t\t\t\t<img width=\"1929\" height=\"79\" src=\"https:\/\/extreme-club.pl\/wp-content\/uploads\/2021\/06\/graphic05-free-img.png\" class=\"attachment-full size-full\" alt=\"\" loading=\"lazy\" srcset=\"https:\/\/extreme-club.pl\/wp-content\/uploads\/2021\/06\/graphic05-free-img.png 1929w, https:\/\/extreme-club.pl\/wp-content\/uploads\/2021\/06\/graphic05-free-img-300x12.png 300w, https:\/\/extreme-club.pl\/wp-content\/uploads\/2021\/06\/graphic05-free-img-1024x42.png 1024w, https:\/\/extreme-club.pl\/wp-content\/uploads\/2021\/06\/graphic05-free-img-768x31.png 768w, https:\/\/extreme-club.pl\/wp-content\/uploads\/2021\/06\/graphic05-free-img-1536x63.png 1536w\" sizes=\"(max-width: 1929px) 100vw, 1929px\" \/>\t\t\t\t\t\t\t\t\t\t\t\t\t\t\t<\/div>\n\t\t\t\t<\/div>\n\t\t\t\t\t<\/div>\n\t\t<\/div>\n\t\t\t\t\t\t\t<\/div>\n\t\t<\/section>\n\t\t\t\t<section class=\"elementor-section elementor-inner-section elementor-element elementor-element-4f9617e4 elementor-section-boxed elementor-section-height-default elementor-section-height-default\" data-id=\"4f9617e4\" data-element_type=\"section\">\n\t\t\t\t\t\t<div class=\"elementor-container elementor-column-gap-no\">\n\t\t\t\t\t<div class=\"elementor-column elementor-col-33 elementor-inner-column elementor-element elementor-element-6a676cd1\" data-id=\"6a676cd1\" data-element_type=\"column\" data-settings=\"{&quot;background_background&quot;:&quot;classic&quot;}\">\n\t\t\t<div class=\"elementor-widget-wrap elementor-element-populated\">\n\t\t\t\t\t\t\t\t<div class=\"elementor-element elementor-element-7c1e8560 elementor-widget elementor-widget-image\" data-id=\"7c1e8560\" data-element_type=\"widget\" data-widget_type=\"image.default\">\n\t\t\t\t<div class=\"elementor-widget-container\">\n\t\t\t\t\t\t\t\t\t\t\t\t\t\t\t<img width=\"1200\" height=\"900\" src=\"https:\/\/extreme-club.pl\/wp-content\/uploads\/2021\/06\/mosty_linowe_18.jpg\" class=\"elementor-animation-grow attachment-full size-full\" alt=\"\" loading=\"lazy\" srcset=\"https:\/\/extreme-club.pl\/wp-content\/uploads\/2021\/06\/mosty_linowe_18.jpg 1200w, https:\/\/extreme-club.pl\/wp-content\/uploads\/2021\/06\/mosty_linowe_18-300x225.jpg 300w, https:\/\/extreme-club.pl\/wp-content\/uploads\/2021\/06\/mosty_linowe_18-1024x768.jpg 1024w, https:\/\/extreme-club.pl\/wp-content\/uploads\/2021\/06\/mosty_linowe_18-768x576.jpg 768w\" sizes=\"(max-width: 1200px) 100vw, 1200px\" \/>\t\t\t\t\t\t\t\t\t\t\t\t\t\t\t<\/div>\n\t\t\t\t<\/div>\n\t\t\t\t<div class=\"elementor-element elementor-element-79b68295 elementor-widget elementor-widget-heading\" data-id=\"79b68295\" data-element_type=\"widget\" data-widget_type=\"heading.default\">\n\t\t\t\t<div class=\"elementor-widget-container\">\n\t\t\t<h2 class=\"elementor-heading-title elementor-size-default\">MOSTY LINOWE<\/h2>\t\t<\/div>\n\t\t\t\t<\/div>\n\t\t\t\t<div class=\"elementor-element elementor-element-dfa416a elementor-widget elementor-widget-text-editor\" data-id=\"dfa416a\" data-element_type=\"widget\" data-widget_type=\"text-editor.default\">\n\t\t\t\t<div class=\"elementor-widget-container\">\n\t\t\t\t\t\t\t<p>Most linowy \u2013 jest mn\u00f3stwo most\u00f3w o bardzo zr\u00f3\u017cnicowanym poziomie trudno\u015bci, kt\u00f3re mo\u017cemy pa\u0144stwu zaproponowa\u0107. Jedne z bardziej popularnych to mosty komandoskie, birma\u0144skie, tybeta\u0144skie, lataj\u0105ce opony, ruchome paliki itp.<\/p>\t\t\t\t\t\t<\/div>\n\t\t\t\t<\/div>\n\t\t\t\t\t<\/div>\n\t\t<\/div>\n\t\t\t\t<div class=\"elementor-column elementor-col-33 elementor-inner-column elementor-element elementor-element-38ce7a1\" data-id=\"38ce7a1\" data-element_type=\"column\" data-settings=\"{&quot;background_background&quot;:&quot;classic&quot;}\">\n\t\t\t<div class=\"elementor-widget-wrap elementor-element-populated\">\n\t\t\t\t\t\t\t\t<div class=\"elementor-element elementor-element-259ee3f elementor-widget elementor-widget-image\" data-id=\"259ee3f\" data-element_type=\"widget\" data-widget_type=\"image.default\">\n\t\t\t\t<div class=\"elementor-widget-container\">\n\t\t\t\t\t\t\t\t\t\t\t\t\t\t\t<img width=\"1200\" height=\"900\" src=\"https:\/\/extreme-club.pl\/wp-content\/uploads\/2021\/06\/mosty_linowe_16-2.jpg\" class=\"elementor-animation-grow attachment-full size-full\" alt=\"\" loading=\"lazy\" srcset=\"https:\/\/extreme-club.pl\/wp-content\/uploads\/2021\/06\/mosty_linowe_16-2.jpg 1200w, https:\/\/extreme-club.pl\/wp-content\/uploads\/2021\/06\/mosty_linowe_16-2-300x225.jpg 300w, https:\/\/extreme-club.pl\/wp-content\/uploads\/2021\/06\/mosty_linowe_16-2-1024x768.jpg 1024w, https:\/\/extreme-club.pl\/wp-content\/uploads\/2021\/06\/mosty_linowe_16-2-768x576.jpg 768w\" sizes=\"(max-width: 1200px) 100vw, 1200px\" \/>\t\t\t\t\t\t\t\t\t\t\t\t\t\t\t<\/div>\n\t\t\t\t<\/div>\n\t\t\t\t<div class=\"elementor-element elementor-element-b576f27 elementor-widget elementor-widget-heading\" data-id=\"b576f27\" data-element_type=\"widget\" data-widget_type=\"heading.default\">\n\t\t\t\t<div class=\"elementor-widget-container\">\n\t\t\t<h2 class=\"elementor-heading-title elementor-size-default\">\u015aCIANA Z SIATKI \/ MOST Z SIATKI<\/h2>\t\t<\/div>\n\t\t\t\t<\/div>\n\t\t\t\t<div class=\"elementor-element elementor-element-449b033 elementor-widget elementor-widget-text-editor\" data-id=\"449b033\" data-element_type=\"widget\" data-widget_type=\"text-editor.default\">\n\t\t\t\t<div class=\"elementor-widget-container\">\n\t\t\t\t\t\t\t<p>\u015aciana z siatki \u2013 zabawa przy asekuracji zabezpiecze\u0144 alpinistycznych. Zadaniem uczestnik\u00f3w jest przej\u015bcie po ruchomej siatce z jednej strony na drug\u0105.<br \/>Jako dodatkowe zadanie uczestnicy mog\u0105 \u015bci\u0105ga\u0107 z siatki podwieszane przedmioty.<\/p>\t\t\t\t\t\t<\/div>\n\t\t\t\t<\/div>\n\t\t\t\t\t<\/div>\n\t\t<\/div>\n\t\t\t\t<div class=\"elementor-column elementor-col-33 elementor-inner-column elementor-element elementor-element-23158456\" data-id=\"23158456\" data-element_type=\"column\" data-settings=\"{&quot;background_background&quot;:&quot;classic&quot;}\">\n\t\t\t<div class=\"elementor-widget-wrap elementor-element-populated\">\n\t\t\t\t\t\t\t\t<div class=\"elementor-element elementor-element-13833be3 elementor-widget elementor-widget-image\" data-id=\"13833be3\" data-element_type=\"widget\" data-widget_type=\"image.default\">\n\t\t\t\t<div class=\"elementor-widget-container\">\n\t\t\t\t\t\t\t\t\t\t\t\t\t\t\t<img width=\"1200\" height=\"900\" src=\"https:\/\/extreme-club.pl\/wp-content\/uploads\/2021\/06\/mosty_linowe_09.jpg\" class=\"elementor-animation-grow attachment-full size-full\" alt=\"\" loading=\"lazy\" srcset=\"https:\/\/extreme-club.pl\/wp-content\/uploads\/2021\/06\/mosty_linowe_09.jpg 1200w, https:\/\/extreme-club.pl\/wp-content\/uploads\/2021\/06\/mosty_linowe_09-300x225.jpg 300w, https:\/\/extreme-club.pl\/wp-content\/uploads\/2021\/06\/mosty_linowe_09-1024x768.jpg 1024w, https:\/\/extreme-club.pl\/wp-content\/uploads\/2021\/06\/mosty_linowe_09-768x576.jpg 768w\" sizes=\"(max-width: 1200px) 100vw, 1200px\" \/>\t\t\t\t\t\t\t\t\t\t\t\t\t\t\t<\/div>\n\t\t\t\t<\/div>\n\t\t\t\t<div class=\"elementor-element elementor-element-791481fa elementor-widget elementor-widget-heading\" data-id=\"791481fa\" data-element_type=\"widget\" data-widget_type=\"heading.default\">\n\t\t\t\t<div class=\"elementor-widget-container\">\n\t\t\t<h2 class=\"elementor-heading-title elementor-size-default\">PARKI LINOWE<\/h2>\t\t<\/div>\n\t\t\t\t<\/div>\n\t\t\t\t<div class=\"elementor-element elementor-element-be9543c elementor-widget elementor-widget-text-editor\" data-id=\"be9543c\" data-element_type=\"widget\" data-widget_type=\"text-editor.default\">\n\t\t\t\t<div class=\"elementor-widget-container\">\n\t\t\t\t\t\t\t<p>Mini park dla dzieci \u2013 podobnie jak park linowy dla doros\u0142ych mo\u017ce posiada\u0107 wiele r\u00f3\u017cnorodnych most\u00f3w, siatek, drabinek i tyrolek. Od parku linowego dla doros\u0142ych r\u00f3\u017cni si\u0119 tylko wysoko\u015bci\u0105 i poziomem trudno\u015bci, kt\u00f3ry dostosowany jest do umiej\u0119tno\u015bci najm\u0142odszych uczestnik\u00f3w.<\/p>\t\t\t\t\t\t<\/div>\n\t\t\t\t<\/div>\n\t\t\t\t\t<\/div>\n\t\t<\/div>\n\t\t\t\t\t\t\t<\/div>\n\t\t<\/section>\n\t\t\t\t<section class=\"elementor-section elementor-inner-section elementor-element elementor-element-bae60e5 elementor-section-boxed elementor-section-height-default elementor-section-height-default\" data-id=\"bae60e5\" data-element_type=\"section\">\n\t\t\t\t\t\t<div class=\"elementor-container elementor-column-gap-no\">\n\t\t\t\t\t<div class=\"elementor-column elementor-col-33 elementor-inner-column elementor-element elementor-element-3a00a9e9\" data-id=\"3a00a9e9\" data-element_type=\"column\" data-settings=\"{&quot;background_background&quot;:&quot;classic&quot;}\">\n\t\t\t<div class=\"elementor-widget-wrap elementor-element-populated\">\n\t\t\t\t\t\t\t\t<div class=\"elementor-element elementor-element-af9c15f elementor-widget elementor-widget-image\" data-id=\"af9c15f\" data-element_type=\"widget\" data-widget_type=\"image.default\">\n\t\t\t\t<div class=\"elementor-widget-container\">\n\t\t\t\t\t\t\t\t\t\t\t\t\t\t\t<img width=\"1200\" height=\"900\" src=\"https:\/\/extreme-club.pl\/wp-content\/uploads\/2021\/06\/kolejka_tyrolska_09.jpg\" class=\"elementor-animation-grow attachment-full size-full\" alt=\"\" loading=\"lazy\" srcset=\"https:\/\/extreme-club.pl\/wp-content\/uploads\/2021\/06\/kolejka_tyrolska_09.jpg 1200w, https:\/\/extreme-club.pl\/wp-content\/uploads\/2021\/06\/kolejka_tyrolska_09-300x225.jpg 300w, https:\/\/extreme-club.pl\/wp-content\/uploads\/2021\/06\/kolejka_tyrolska_09-1024x768.jpg 1024w, https:\/\/extreme-club.pl\/wp-content\/uploads\/2021\/06\/kolejka_tyrolska_09-768x576.jpg 768w\" sizes=\"(max-width: 1200px) 100vw, 1200px\" \/>\t\t\t\t\t\t\t\t\t\t\t\t\t\t\t<\/div>\n\t\t\t\t<\/div>\n\t\t\t\t<div class=\"elementor-element elementor-element-31f86aa5 elementor-widget elementor-widget-heading\" data-id=\"31f86aa5\" data-element_type=\"widget\" data-widget_type=\"heading.default\">\n\t\t\t\t<div class=\"elementor-widget-container\">\n\t\t\t<h2 class=\"elementor-heading-title elementor-size-default\">KOLEJKA TYROLSKA<\/h2>\t\t<\/div>\n\t\t\t\t<\/div>\n\t\t\t\t<div class=\"elementor-element elementor-element-6e254c2 elementor-widget elementor-widget-text-editor\" data-id=\"6e254c2\" data-element_type=\"widget\" data-widget_type=\"text-editor.default\">\n\t\t\t\t<div class=\"elementor-widget-container\">\n\t\t\t\t\t\t\t<p>Kolejka tyrolska \u2013 to popularny zjazd na linie poziomo rozwieszonej miedzy dwoma punktami. Tyrolka zawsze cieszy si\u0119 najwi\u0119kszym uznaniem w\u015br\u00f3d os\u00f3b pokonuj\u0105cych parki linowe.<\/p>\t\t\t\t\t\t<\/div>\n\t\t\t\t<\/div>\n\t\t\t\t\t<\/div>\n\t\t<\/div>\n\t\t\t\t<div class=\"elementor-column elementor-col-33 elementor-inner-column elementor-element elementor-element-183884ca\" data-id=\"183884ca\" data-element_type=\"column\" data-settings=\"{&quot;background_background&quot;:&quot;classic&quot;}\">\n\t\t\t<div class=\"elementor-widget-wrap elementor-element-populated\">\n\t\t\t\t\t\t\t\t<div class=\"elementor-element elementor-element-7ece816 elementor-widget elementor-widget-image\" data-id=\"7ece816\" data-element_type=\"widget\" data-widget_type=\"image.default\">\n\t\t\t\t<div class=\"elementor-widget-container\">\n\t\t\t\t\t\t\t\t\t\t\t\t\t\t\t<img width=\"1200\" height=\"900\" src=\"https:\/\/extreme-club.pl\/wp-content\/uploads\/2021\/06\/mosty_linowe_16-1.jpg\" class=\"elementor-animation-grow attachment-full size-full\" alt=\"\" loading=\"lazy\" srcset=\"https:\/\/extreme-club.pl\/wp-content\/uploads\/2021\/06\/mosty_linowe_16-1.jpg 1200w, https:\/\/extreme-club.pl\/wp-content\/uploads\/2021\/06\/mosty_linowe_16-1-300x225.jpg 300w, https:\/\/extreme-club.pl\/wp-content\/uploads\/2021\/06\/mosty_linowe_16-1-1024x768.jpg 1024w, https:\/\/extreme-club.pl\/wp-content\/uploads\/2021\/06\/mosty_linowe_16-1-768x576.jpg 768w\" sizes=\"(max-width: 1200px) 100vw, 1200px\" \/>\t\t\t\t\t\t\t\t\t\t\t\t\t\t\t<\/div>\n\t\t\t\t<\/div>\n\t\t\t\t<div class=\"elementor-element elementor-element-1bfa645c elementor-widget elementor-widget-heading\" data-id=\"1bfa645c\" data-element_type=\"widget\" data-widget_type=\"heading.default\">\n\t\t\t\t<div class=\"elementor-widget-container\">\n\t\t\t<h2 class=\"elementor-heading-title elementor-size-default\">WIE\u017bA ZE SKRZYNEK<\/h2>\t\t<\/div>\n\t\t\t\t<\/div>\n\t\t\t\t<div class=\"elementor-element elementor-element-8e42e4a elementor-widget elementor-widget-text-editor\" data-id=\"8e42e4a\" data-element_type=\"widget\" data-widget_type=\"text-editor.default\">\n\t\t\t\t<div class=\"elementor-widget-container\">\n\t\t\t\t\t\t\t<p>Wie\u017ca ze skrzynek to zabawa polegaj\u0105ca na uk\u0142adaniu skrzynek, po kt\u00f3rych\u00a0jedna osoba\u00a0wchodzi w uprz\u0119\u017cy alpinistycznej. Serdecznie zapraszamy wszystkich do zabawy.<\/p>\t\t\t\t\t\t<\/div>\n\t\t\t\t<\/div>\n\t\t\t\t\t<\/div>\n\t\t<\/div>\n\t\t\t\t<div class=\"elementor-column elementor-col-33 elementor-inner-column elementor-element elementor-element-e67ac76\" data-id=\"e67ac76\" data-element_type=\"column\" data-settings=\"{&quot;background_background&quot;:&quot;classic&quot;}\">\n\t\t\t<div class=\"elementor-widget-wrap\">\n\t\t\t\t\t\t\t\t\t<\/div>\n\t\t<\/div>\n\t\t\t\t\t\t\t<\/div>\n\t\t<\/section>\n\t\t\t\t<section class=\"elementor-section elementor-top-section elementor-element elementor-element-b9d2e31 elementor-section-boxed elementor-section-height-default elementor-section-height-default\" data-id=\"b9d2e31\" data-element_type=\"section\">\n\t\t\t\t\t\t<div class=\"elementor-container elementor-column-gap-default\">\n\t\t\t\t\t<div class=\"elementor-column elementor-col-100 elementor-top-column elementor-element elementor-element-d98c8a0\" data-id=\"d98c8a0\" data-element_type=\"column\">\n\t\t\t<div class=\"elementor-widget-wrap elementor-element-populated\">\n\t\t\t\t\t\t\t\t<div class=\"elementor-element elementor-element-2daefe0 elementor-widget elementor-widget-image-gallery\" data-id=\"2daefe0\" data-element_type=\"widget\" data-widget_type=\"image-gallery.default\">\n\t\t\t\t<div class=\"elementor-widget-container\">\n\t\t\t\t\t<div class=\"elementor-image-gallery\">\n\t\t\t<div id='gallery-1' class='gallery galleryid-3477 gallery-columns-3 gallery-size-full'><figure class='gallery-item'>\n\t\t\t<div class='gallery-icon landscape'>\n\t\t\t\t<a data-elementor-open-lightbox=\"yes\" data-elementor-lightbox-slideshow=\"2daefe0\" data-elementor-lightbox-title=\"sciana_z_siatki_05\" href='https:\/\/extreme-club.pl\/wp-content\/uploads\/2021\/06\/sciana_z_siatki_05.jpg'><img width=\"1200\" height=\"900\" src=\"https:\/\/extreme-club.pl\/wp-content\/uploads\/2021\/06\/sciana_z_siatki_05.jpg\" class=\"attachment-full size-full\" alt=\"\" loading=\"lazy\" srcset=\"https:\/\/extreme-club.pl\/wp-content\/uploads\/2021\/06\/sciana_z_siatki_05.jpg 1200w, https:\/\/extreme-club.pl\/wp-content\/uploads\/2021\/06\/sciana_z_siatki_05-300x225.jpg 300w, https:\/\/extreme-club.pl\/wp-content\/uploads\/2021\/06\/sciana_z_siatki_05-1024x768.jpg 1024w, https:\/\/extreme-club.pl\/wp-content\/uploads\/2021\/06\/sciana_z_siatki_05-768x576.jpg 768w\" sizes=\"(max-width: 1200px) 100vw, 1200px\" \/><\/a>\n\t\t\t<\/div><\/figure><figure class='gallery-item'>\n\t\t\t<div class='gallery-icon landscape'>\n\t\t\t\t<a data-elementor-open-lightbox=\"yes\" data-elementor-lightbox-slideshow=\"2daefe0\" data-elementor-lightbox-title=\"mosty_linowe_09\" href='https:\/\/extreme-club.pl\/wp-content\/uploads\/2021\/06\/mosty_linowe_09.jpg'><img width=\"1200\" height=\"900\" src=\"https:\/\/extreme-club.pl\/wp-content\/uploads\/2021\/06\/mosty_linowe_09.jpg\" class=\"attachment-full size-full\" alt=\"\" loading=\"lazy\" srcset=\"https:\/\/extreme-club.pl\/wp-content\/uploads\/2021\/06\/mosty_linowe_09.jpg 1200w, https:\/\/extreme-club.pl\/wp-content\/uploads\/2021\/06\/mosty_linowe_09-300x225.jpg 300w, https:\/\/extreme-club.pl\/wp-content\/uploads\/2021\/06\/mosty_linowe_09-1024x768.jpg 1024w, https:\/\/extreme-club.pl\/wp-content\/uploads\/2021\/06\/mosty_linowe_09-768x576.jpg 768w\" sizes=\"(max-width: 1200px) 100vw, 1200px\" \/><\/a>\n\t\t\t<\/div><\/figure><figure class='gallery-item'>\n\t\t\t<div class='gallery-icon landscape'>\n\t\t\t\t<a data-elementor-open-lightbox=\"yes\" data-elementor-lightbox-slideshow=\"2daefe0\" data-elementor-lightbox-title=\"mosty_linowe_12\" href='https:\/\/extreme-club.pl\/wp-content\/uploads\/2021\/06\/mosty_linowe_12.jpg'><img width=\"1200\" height=\"900\" src=\"https:\/\/extreme-club.pl\/wp-content\/uploads\/2021\/06\/mosty_linowe_12.jpg\" class=\"attachment-full size-full\" alt=\"\" loading=\"lazy\" srcset=\"https:\/\/extreme-club.pl\/wp-content\/uploads\/2021\/06\/mosty_linowe_12.jpg 1200w, https:\/\/extreme-club.pl\/wp-content\/uploads\/2021\/06\/mosty_linowe_12-300x225.jpg 300w, https:\/\/extreme-club.pl\/wp-content\/uploads\/2021\/06\/mosty_linowe_12-1024x768.jpg 1024w, https:\/\/extreme-club.pl\/wp-content\/uploads\/2021\/06\/mosty_linowe_12-768x576.jpg 768w\" sizes=\"(max-width: 1200px) 100vw, 1200px\" \/><\/a>\n\t\t\t<\/div><\/figure><figure class='gallery-item'>\n\t\t\t<div class='gallery-icon landscape'>\n\t\t\t\t<a data-elementor-open-lightbox=\"yes\" data-elementor-lightbox-slideshow=\"2daefe0\" data-elementor-lightbox-title=\"mosty_linowe_16\" href='https:\/\/extreme-club.pl\/wp-content\/uploads\/2021\/06\/mosty_linowe_16-3.jpg'><img width=\"1200\" height=\"900\" src=\"https:\/\/extreme-club.pl\/wp-content\/uploads\/2021\/06\/mosty_linowe_16-3.jpg\" class=\"attachment-full size-full\" alt=\"\" loading=\"lazy\" srcset=\"https:\/\/extreme-club.pl\/wp-content\/uploads\/2021\/06\/mosty_linowe_16-3.jpg 1200w, https:\/\/extreme-club.pl\/wp-content\/uploads\/2021\/06\/mosty_linowe_16-3-300x225.jpg 300w, https:\/\/extreme-club.pl\/wp-content\/uploads\/2021\/06\/mosty_linowe_16-3-1024x768.jpg 1024w, https:\/\/extreme-club.pl\/wp-content\/uploads\/2021\/06\/mosty_linowe_16-3-768x576.jpg 768w\" sizes=\"(max-width: 1200px) 100vw, 1200px\" \/><\/a>\n\t\t\t<\/div><\/figure><figure class='gallery-item'>\n\t\t\t<div class='gallery-icon landscape'>\n\t\t\t\t<a data-elementor-open-lightbox=\"yes\" data-elementor-lightbox-slideshow=\"2daefe0\" data-elementor-lightbox-title=\"mosty_linowe_17\" href='https:\/\/extreme-club.pl\/wp-content\/uploads\/2021\/06\/mosty_linowe_17.jpg'><img width=\"1200\" height=\"900\" src=\"https:\/\/extreme-club.pl\/wp-content\/uploads\/2021\/06\/mosty_linowe_17.jpg\" class=\"attachment-full size-full\" alt=\"\" loading=\"lazy\" srcset=\"https:\/\/extreme-club.pl\/wp-content\/uploads\/2021\/06\/mosty_linowe_17.jpg 1200w, https:\/\/extreme-club.pl\/wp-content\/uploads\/2021\/06\/mosty_linowe_17-300x225.jpg 300w, https:\/\/extreme-club.pl\/wp-content\/uploads\/2021\/06\/mosty_linowe_17-1024x768.jpg 1024w, https:\/\/extreme-club.pl\/wp-content\/uploads\/2021\/06\/mosty_linowe_17-768x576.jpg 768w\" sizes=\"(max-width: 1200px) 100vw, 1200px\" \/><\/a>\n\t\t\t<\/div><\/figure><figure class='gallery-item'>\n\t\t\t<div class='gallery-icon landscape'>\n\t\t\t\t<a data-elementor-open-lightbox=\"yes\" data-elementor-lightbox-slideshow=\"2daefe0\" data-elementor-lightbox-title=\"mosty_linowe_18\" href='https:\/\/extreme-club.pl\/wp-content\/uploads\/2021\/06\/mosty_linowe_18.jpg'><img width=\"1200\" height=\"900\" src=\"https:\/\/extreme-club.pl\/wp-content\/uploads\/2021\/06\/mosty_linowe_18.jpg\" class=\"attachment-full size-full\" alt=\"\" loading=\"lazy\" srcset=\"https:\/\/extreme-club.pl\/wp-content\/uploads\/2021\/06\/mosty_linowe_18.jpg 1200w, https:\/\/extreme-club.pl\/wp-content\/uploads\/2021\/06\/mosty_linowe_18-300x225.jpg 300w, https:\/\/extreme-club.pl\/wp-content\/uploads\/2021\/06\/mosty_linowe_18-1024x768.jpg 1024w, https:\/\/extreme-club.pl\/wp-content\/uploads\/2021\/06\/mosty_linowe_18-768x576.jpg 768w\" sizes=\"(max-width: 1200px) 100vw, 1200px\" \/><\/a>\n\t\t\t<\/div><\/figure>\n\t\t<\/div>\n\t\t<\/div>\n\t\t\t\t<\/div>\n\t\t\t\t<\/div>\n\t\t\t\t\t<\/div>\n\t\t<\/div>\n\t\t\t\t\t\t\t<\/div>\n\t\t<\/section>\n\t\t\t\t\t\t<\/div>\n\t\t\t\t\t<\/div>\n\t\t","protected":false},"excerpt":{"rendered":"<p>Wspinaczka MOSTY LINOWE Most linowy \u2013 jest mn\u00f3stwo most\u00f3w o bardzo zr\u00f3\u017cnicowanym poziomie trudno\u015bci, kt\u00f3re mo\u017cemy pa\u0144stwu zaproponowa\u0107. Jedne z bardziej popularnych to mosty komandoskie, birma\u0144skie, tybeta\u0144skie, lataj\u0105ce opony, ruchome paliki itp. \u015aCIANA Z SIATKI \/ MOST Z SIATKI \u015aciana z siatki \u2013 zabawa przy asekuracji zabezpiecze\u0144 alpinistycznych. Zadaniem uczestnik\u00f3w jest przej\u015bcie po ruchomej siatce &hellip;<\/p>\n<p class=\"read-more\"> <a class=\"\" href=\"https:\/\/extreme-club.pl\/?page_id=3477\"> <span class=\"screen-reader-text\">Wspinaczka<\/span> Read More &raquo;<\/a><\/p>\n","protected":false},"author":1,"featured_media":0,"parent":0,"menu_order":0,"comment_status":"closed","ping_status":"closed","template":"","meta":[],"_links":{"self":[{"href":"https:\/\/extreme-club.pl\/index.php?rest_route=\/wp\/v2\/pages\/3477"}],"collection":[{"href":"https:\/\/extreme-club.pl\/index.php?rest_route=\/wp\/v2\/pages"}],"about":[{"href":"https:\/\/extreme-club.pl\/index.php?rest_route=\/wp\/v2\/types\/page"}],"author":[{"embeddable":true,"href":"https:\/\/extreme-club.pl\/index.php?rest_route=\/wp\/v2\/users\/1"}],"replies":[{"embeddable":true,"href":"https:\/\/extreme-club.pl\/index.php?rest_route=%2Fwp%2Fv2%2Fcomments&post=3477"}],"version-history":[{"count":19,"href":"https:\/\/extreme-club.pl\/index.php?rest_route=\/wp\/v2\/pages\/3477\/revisions"}],"predecessor-version":[{"id":4857,"href":"https:\/\/extreme-club.pl\/index.php?rest_route=\/wp\/v2\/pages\/3477\/revisions\/4857"}],"wp:attachment":[{"href":"https:\/\/extreme-club.pl\/index.php?rest_route=%2Fwp%2Fv2%2Fmedia&parent=3477"}],"curies":[{"name":"wp","href":"https:\/\/api.w.org\/{rel}","templated":true}]}}