{"id":3634,"date":"2021-06-08T13:23:15","date_gmt":"2021-06-08T13:23:15","guid":{"rendered":"https:\/\/extremalnie.m-smart.pl\/?page_id=3634"},"modified":"2021-06-10T19:03:52","modified_gmt":"2021-06-10T19:03:52","slug":"agenci","status":"publish","type":"page","link":"https:\/\/extreme-club.pl\/?page_id=3634","title":{"rendered":"EXTREME DREAM PARK"},"content":{"rendered":"\t\t<div data-elementor-type=\"wp-post\" data-elementor-id=\"3634\" class=\"elementor elementor-3634\" data-elementor-settings=\"[]\">\n\t\t\t\t\t\t\t<div class=\"elementor-section-wrap\">\n\t\t\t\t\t\t\t<section class=\"elementor-section elementor-top-section elementor-element elementor-element-7116a5b2 elementor-section-boxed elementor-section-height-default elementor-section-height-default\" data-id=\"7116a5b2\" data-element_type=\"section\" data-settings=\"{&quot;background_background&quot;:&quot;classic&quot;}\">\n\t\t\t\t\t\t\t<div class=\"elementor-background-overlay\"><\/div>\n\t\t\t\t\t\t\t<div class=\"elementor-container elementor-column-gap-no\">\n\t\t\t\t\t<div class=\"elementor-column elementor-col-100 elementor-top-column elementor-element elementor-element-6439be06\" data-id=\"6439be06\" data-element_type=\"column\" data-settings=\"{&quot;background_background&quot;:&quot;classic&quot;}\">\n\t\t\t<div class=\"elementor-widget-wrap elementor-element-populated\">\n\t\t\t\t\t\t\t\t<div class=\"elementor-element elementor-element-198df6ee elementor-widget elementor-widget-heading\" data-id=\"198df6ee\" data-element_type=\"widget\" data-widget_type=\"heading.default\">\n\t\t\t\t<div class=\"elementor-widget-container\">\n\t\t\t<h1 class=\"elementor-heading-title elementor-size-default\">Extreme Dream Park<\/h1>\t\t<\/div>\n\t\t\t\t<\/div>\n\t\t\t\t\t<\/div>\n\t\t<\/div>\n\t\t\t\t\t\t\t<\/div>\n\t\t<\/section>\n\t\t\t\t<section class=\"elementor-section elementor-top-section elementor-element elementor-element-d5a46b6 elementor-section-boxed elementor-section-height-default elementor-section-height-default\" data-id=\"d5a46b6\" data-element_type=\"section\">\n\t\t\t\t\t\t<div class=\"elementor-container elementor-column-gap-default\">\n\t\t\t\t\t<div class=\"elementor-column elementor-col-50 elementor-top-column elementor-element elementor-element-06ec398\" data-id=\"06ec398\" data-element_type=\"column\">\n\t\t\t<div class=\"elementor-widget-wrap elementor-element-populated\">\n\t\t\t\t\t\t\t\t<div class=\"elementor-element elementor-element-28406d0 elementor-widget elementor-widget-text-editor\" data-id=\"28406d0\" data-element_type=\"widget\" data-widget_type=\"text-editor.default\">\n\t\t\t\t<div class=\"elementor-widget-container\">\n\t\t\t\t\t\t\t<p>Extreme Dream Park w \u0141\u0119gowie k. Gda\u0144ska to wyj\u0105tkowe miejsce, kt\u00f3re przygotowali\u015bmy specjalnie z my\u015bl\u0105 o wszelkiego rodzaju imprezach plenerowych. Sze\u015bciohektarowy teren idealnie sprawdza si\u0119 zar\u00f3wno przy ma\u0142ych imprezach team-buildingowych jak i piknikach rodzinnych dla kilku tysi\u0119cy uczestnik\u00f3w. To jedyne takie miejsce na p\u00f3\u0142nocy Polski, kt\u00f3re posiada jednocze\u015bnie specjalnie przygotowany tor off-roadowy dla quad\u00f3w i innych pojazd\u00f3w 4\u00d74, oko\u0142o 150-metrowa utwardzon\u0105 rynn\u0119 dla zorby oraz teren do rozgrywek paintballowych i parku linowego.<br \/>Extreme Dream Park to tak\u017ce miejsce o bardzo dogodnym po\u0142o\u017ceniu: 3 km od obwodnicy Tr\u00f3jmiasta i autostrady A1, 13 km od centrum Gda\u0144ska, blisko przystanku komunikacji miejskiej. Parking zapewnia przestrze\u0144 dla oko\u0142o 200 samochod\u00f3w. Miejsce zapewnia cisz\u0119 i odizolowanie od miejskiego zgie\u0142ku.<br \/>Park czynny przez ca\u0142y rok jest otwarty zar\u00f3wno na grupy zorganizowane jak i klient\u00f3w indywidualnych. Po ekstremalnych atrakcjach, mog\u0105 Pa\u0144stwo skorzysta\u0107 z grilla czy miejsca na ognisko, aby sp\u0119dzi\u0107 mi\u0142y wiecz\u00f3r z przyjaci\u00f3\u0142mi.<\/p>\t\t\t\t\t\t<\/div>\n\t\t\t\t<\/div>\n\t\t\t\t\t<\/div>\n\t\t<\/div>\n\t\t\t\t<div class=\"elementor-column elementor-col-50 elementor-top-column elementor-element elementor-element-de586f5\" data-id=\"de586f5\" data-element_type=\"column\">\n\t\t\t<div class=\"elementor-widget-wrap elementor-element-populated\">\n\t\t\t\t\t\t\t\t<div class=\"elementor-element elementor-element-63e0f71 elementor-widget elementor-widget-image\" data-id=\"63e0f71\" data-element_type=\"widget\" data-widget_type=\"image.default\">\n\t\t\t\t<div class=\"elementor-widget-container\">\n\t\t\t\t\t\t\t\t\t\t\t\t\t\t\t<img width=\"1024\" height=\"682\" src=\"https:\/\/extreme-club.pl\/wp-content\/uploads\/2021\/06\/fotoedycja_pl-2520-1024x682.jpg\" class=\"attachment-large size-large\" alt=\"\" loading=\"lazy\" srcset=\"https:\/\/extreme-club.pl\/wp-content\/uploads\/2021\/06\/fotoedycja_pl-2520-1024x682.jpg 1024w, https:\/\/extreme-club.pl\/wp-content\/uploads\/2021\/06\/fotoedycja_pl-2520-300x200.jpg 300w, https:\/\/extreme-club.pl\/wp-content\/uploads\/2021\/06\/fotoedycja_pl-2520-768x512.jpg 768w, https:\/\/extreme-club.pl\/wp-content\/uploads\/2021\/06\/fotoedycja_pl-2520-1536x1024.jpg 1536w, https:\/\/extreme-club.pl\/wp-content\/uploads\/2021\/06\/fotoedycja_pl-2520.jpg 2000w\" sizes=\"(max-width: 1024px) 100vw, 1024px\" \/>\t\t\t\t\t\t\t\t\t\t\t\t\t\t\t<\/div>\n\t\t\t\t<\/div>\n\t\t\t\t\t<\/div>\n\t\t<\/div>\n\t\t\t\t\t\t\t<\/div>\n\t\t<\/section>\n\t\t\t\t<section class=\"elementor-section elementor-top-section elementor-element elementor-element-d84ee5b elementor-section-boxed elementor-section-height-default elementor-section-height-default\" data-id=\"d84ee5b\" data-element_type=\"section\">\n\t\t\t\t\t\t<div class=\"elementor-container elementor-column-gap-default\">\n\t\t\t\t\t<div class=\"elementor-column elementor-col-100 elementor-top-column elementor-element elementor-element-f460c18\" data-id=\"f460c18\" data-element_type=\"column\">\n\t\t\t<div class=\"elementor-widget-wrap elementor-element-populated\">\n\t\t\t\t\t\t\t\t<div class=\"elementor-element elementor-element-10eec6d elementor-widget elementor-widget-image-gallery\" data-id=\"10eec6d\" data-element_type=\"widget\" data-widget_type=\"image-gallery.default\">\n\t\t\t\t<div class=\"elementor-widget-container\">\n\t\t\t\t\t<div class=\"elementor-image-gallery\">\n\t\t\t<div id='gallery-1' class='gallery galleryid-3634 gallery-columns-4 gallery-size-full'><figure class='gallery-item'>\n\t\t\t<div class='gallery-icon landscape'>\n\t\t\t\t<a data-elementor-open-lightbox=\"yes\" data-elementor-lightbox-slideshow=\"10eec6d\" data-elementor-lightbox-title=\"8\" href='https:\/\/extreme-club.pl\/wp-content\/uploads\/2021\/06\/8.jpg'><img width=\"1280\" height=\"850\" src=\"https:\/\/extreme-club.pl\/wp-content\/uploads\/2021\/06\/8.jpg\" class=\"attachment-full size-full\" alt=\"\" loading=\"lazy\" srcset=\"https:\/\/extreme-club.pl\/wp-content\/uploads\/2021\/06\/8.jpg 1280w, https:\/\/extreme-club.pl\/wp-content\/uploads\/2021\/06\/8-300x199.jpg 300w, https:\/\/extreme-club.pl\/wp-content\/uploads\/2021\/06\/8-1024x680.jpg 1024w, https:\/\/extreme-club.pl\/wp-content\/uploads\/2021\/06\/8-768x510.jpg 768w\" sizes=\"(max-width: 1280px) 100vw, 1280px\" \/><\/a>\n\t\t\t<\/div><\/figure><figure class='gallery-item'>\n\t\t\t<div class='gallery-icon landscape'>\n\t\t\t\t<a data-elementor-open-lightbox=\"yes\" data-elementor-lightbox-slideshow=\"10eec6d\" data-elementor-lightbox-title=\"bph_0065\" href='https:\/\/extreme-club.pl\/wp-content\/uploads\/2021\/06\/bph_0065.jpg'><img width=\"1280\" height=\"853\" src=\"https:\/\/extreme-club.pl\/wp-content\/uploads\/2021\/06\/bph_0065.jpg\" class=\"attachment-full size-full\" alt=\"\" loading=\"lazy\" srcset=\"https:\/\/extreme-club.pl\/wp-content\/uploads\/2021\/06\/bph_0065.jpg 1280w, https:\/\/extreme-club.pl\/wp-content\/uploads\/2021\/06\/bph_0065-300x200.jpg 300w, https:\/\/extreme-club.pl\/wp-content\/uploads\/2021\/06\/bph_0065-1024x682.jpg 1024w, https:\/\/extreme-club.pl\/wp-content\/uploads\/2021\/06\/bph_0065-768x512.jpg 768w\" sizes=\"(max-width: 1280px) 100vw, 1280px\" \/><\/a>\n\t\t\t<\/div><\/figure><figure class='gallery-item'>\n\t\t\t<div class='gallery-icon landscape'>\n\t\t\t\t<a data-elementor-open-lightbox=\"yes\" data-elementor-lightbox-slideshow=\"10eec6d\" data-elementor-lightbox-title=\"DSC05986\" href='https:\/\/extreme-club.pl\/wp-content\/uploads\/2021\/06\/DSC05986.jpg'><img width=\"1280\" height=\"850\" src=\"https:\/\/extreme-club.pl\/wp-content\/uploads\/2021\/06\/DSC05986.jpg\" class=\"attachment-full size-full\" alt=\"\" loading=\"lazy\" srcset=\"https:\/\/extreme-club.pl\/wp-content\/uploads\/2021\/06\/DSC05986.jpg 1280w, https:\/\/extreme-club.pl\/wp-content\/uploads\/2021\/06\/DSC05986-300x199.jpg 300w, https:\/\/extreme-club.pl\/wp-content\/uploads\/2021\/06\/DSC05986-1024x680.jpg 1024w, https:\/\/extreme-club.pl\/wp-content\/uploads\/2021\/06\/DSC05986-768x510.jpg 768w\" sizes=\"(max-width: 1280px) 100vw, 1280px\" \/><\/a>\n\t\t\t<\/div><\/figure><figure class='gallery-item'>\n\t\t\t<div class='gallery-icon landscape'>\n\t\t\t\t<a data-elementor-open-lightbox=\"yes\" data-elementor-lightbox-slideshow=\"10eec6d\" data-elementor-lightbox-title=\"bph_0023\" href='https:\/\/extreme-club.pl\/wp-content\/uploads\/2021\/06\/bph_0023.jpg'><img width=\"1280\" height=\"853\" src=\"https:\/\/extreme-club.pl\/wp-content\/uploads\/2021\/06\/bph_0023.jpg\" class=\"attachment-full size-full\" alt=\"\" loading=\"lazy\" srcset=\"https:\/\/extreme-club.pl\/wp-content\/uploads\/2021\/06\/bph_0023.jpg 1280w, https:\/\/extreme-club.pl\/wp-content\/uploads\/2021\/06\/bph_0023-300x200.jpg 300w, https:\/\/extreme-club.pl\/wp-content\/uploads\/2021\/06\/bph_0023-1024x682.jpg 1024w, https:\/\/extreme-club.pl\/wp-content\/uploads\/2021\/06\/bph_0023-768x512.jpg 768w\" sizes=\"(max-width: 1280px) 100vw, 1280px\" \/><\/a>\n\t\t\t<\/div><\/figure><figure class='gallery-item'>\n\t\t\t<div class='gallery-icon landscape'>\n\t\t\t\t<a data-elementor-open-lightbox=\"yes\" data-elementor-lightbox-slideshow=\"10eec6d\" data-elementor-lightbox-title=\"12-3\" href='https:\/\/extreme-club.pl\/wp-content\/uploads\/2021\/06\/12-3.jpg'><img width=\"1280\" height=\"850\" src=\"https:\/\/extreme-club.pl\/wp-content\/uploads\/2021\/06\/12-3.jpg\" class=\"attachment-full size-full\" alt=\"\" loading=\"lazy\" srcset=\"https:\/\/extreme-club.pl\/wp-content\/uploads\/2021\/06\/12-3.jpg 1280w, https:\/\/extreme-club.pl\/wp-content\/uploads\/2021\/06\/12-3-300x199.jpg 300w, https:\/\/extreme-club.pl\/wp-content\/uploads\/2021\/06\/12-3-1024x680.jpg 1024w, https:\/\/extreme-club.pl\/wp-content\/uploads\/2021\/06\/12-3-768x510.jpg 768w\" sizes=\"(max-width: 1280px) 100vw, 1280px\" \/><\/a>\n\t\t\t<\/div><\/figure><figure class='gallery-item'>\n\t\t\t<div class='gallery-icon landscape'>\n\t\t\t\t<a data-elementor-open-lightbox=\"yes\" data-elementor-lightbox-slideshow=\"10eec6d\" data-elementor-lightbox-title=\"bph_0043\" href='https:\/\/extreme-club.pl\/wp-content\/uploads\/2021\/06\/bph_0043.jpg'><img width=\"1280\" height=\"853\" src=\"https:\/\/extreme-club.pl\/wp-content\/uploads\/2021\/06\/bph_0043.jpg\" class=\"attachment-full size-full\" alt=\"\" loading=\"lazy\" srcset=\"https:\/\/extreme-club.pl\/wp-content\/uploads\/2021\/06\/bph_0043.jpg 1280w, https:\/\/extreme-club.pl\/wp-content\/uploads\/2021\/06\/bph_0043-300x200.jpg 300w, https:\/\/extreme-club.pl\/wp-content\/uploads\/2021\/06\/bph_0043-1024x682.jpg 1024w, https:\/\/extreme-club.pl\/wp-content\/uploads\/2021\/06\/bph_0043-768x512.jpg 768w\" sizes=\"(max-width: 1280px) 100vw, 1280px\" \/><\/a>\n\t\t\t<\/div><\/figure><figure class='gallery-item'>\n\t\t\t<div class='gallery-icon landscape'>\n\t\t\t\t<a data-elementor-open-lightbox=\"yes\" data-elementor-lightbox-slideshow=\"10eec6d\" data-elementor-lightbox-title=\"DSC01702\" href='https:\/\/extreme-club.pl\/wp-content\/uploads\/2021\/06\/DSC01702.jpg'><img width=\"1280\" height=\"852\" src=\"https:\/\/extreme-club.pl\/wp-content\/uploads\/2021\/06\/DSC01702.jpg\" class=\"attachment-full size-full\" alt=\"\" loading=\"lazy\" srcset=\"https:\/\/extreme-club.pl\/wp-content\/uploads\/2021\/06\/DSC01702.jpg 1280w, https:\/\/extreme-club.pl\/wp-content\/uploads\/2021\/06\/DSC01702-300x200.jpg 300w, https:\/\/extreme-club.pl\/wp-content\/uploads\/2021\/06\/DSC01702-1024x682.jpg 1024w, https:\/\/extreme-club.pl\/wp-content\/uploads\/2021\/06\/DSC01702-768x511.jpg 768w\" sizes=\"(max-width: 1280px) 100vw, 1280px\" \/><\/a>\n\t\t\t<\/div><\/figure><figure class='gallery-item'>\n\t\t\t<div class='gallery-icon landscape'>\n\t\t\t\t<a data-elementor-open-lightbox=\"yes\" data-elementor-lightbox-slideshow=\"10eec6d\" data-elementor-lightbox-title=\"DSC00631\" href='https:\/\/extreme-club.pl\/wp-content\/uploads\/2021\/06\/DSC00631.jpg'><img width=\"1280\" height=\"851\" src=\"https:\/\/extreme-club.pl\/wp-content\/uploads\/2021\/06\/DSC00631.jpg\" class=\"attachment-full size-full\" alt=\"\" loading=\"lazy\" srcset=\"https:\/\/extreme-club.pl\/wp-content\/uploads\/2021\/06\/DSC00631.jpg 1280w, https:\/\/extreme-club.pl\/wp-content\/uploads\/2021\/06\/DSC00631-300x199.jpg 300w, https:\/\/extreme-club.pl\/wp-content\/uploads\/2021\/06\/DSC00631-1024x681.jpg 1024w, https:\/\/extreme-club.pl\/wp-content\/uploads\/2021\/06\/DSC00631-768x511.jpg 768w\" sizes=\"(max-width: 1280px) 100vw, 1280px\" \/><\/a>\n\t\t\t<\/div><\/figure><figure class='gallery-item'>\n\t\t\t<div class='gallery-icon landscape'>\n\t\t\t\t<a data-elementor-open-lightbox=\"yes\" data-elementor-lightbox-slideshow=\"10eec6d\" data-elementor-lightbox-title=\"DSC06008\" href='https:\/\/extreme-club.pl\/wp-content\/uploads\/2021\/06\/DSC06008.jpg'><img width=\"1280\" height=\"850\" src=\"https:\/\/extreme-club.pl\/wp-content\/uploads\/2021\/06\/DSC06008.jpg\" class=\"attachment-full size-full\" alt=\"\" loading=\"lazy\" srcset=\"https:\/\/extreme-club.pl\/wp-content\/uploads\/2021\/06\/DSC06008.jpg 1280w, https:\/\/extreme-club.pl\/wp-content\/uploads\/2021\/06\/DSC06008-300x199.jpg 300w, https:\/\/extreme-club.pl\/wp-content\/uploads\/2021\/06\/DSC06008-1024x680.jpg 1024w, https:\/\/extreme-club.pl\/wp-content\/uploads\/2021\/06\/DSC06008-768x510.jpg 768w\" sizes=\"(max-width: 1280px) 100vw, 1280px\" \/><\/a>\n\t\t\t<\/div><\/figure><figure class='gallery-item'>\n\t\t\t<div class='gallery-icon landscape'>\n\t\t\t\t<a data-elementor-open-lightbox=\"yes\" data-elementor-lightbox-slideshow=\"10eec6d\" data-elementor-lightbox-title=\"12-2\" href='https:\/\/extreme-club.pl\/wp-content\/uploads\/2021\/06\/12-2.jpg'><img width=\"1280\" height=\"850\" src=\"https:\/\/extreme-club.pl\/wp-content\/uploads\/2021\/06\/12-2.jpg\" class=\"attachment-full size-full\" alt=\"\" loading=\"lazy\" srcset=\"https:\/\/extreme-club.pl\/wp-content\/uploads\/2021\/06\/12-2.jpg 1280w, https:\/\/extreme-club.pl\/wp-content\/uploads\/2021\/06\/12-2-300x199.jpg 300w, https:\/\/extreme-club.pl\/wp-content\/uploads\/2021\/06\/12-2-1024x680.jpg 1024w, https:\/\/extreme-club.pl\/wp-content\/uploads\/2021\/06\/12-2-768x510.jpg 768w\" sizes=\"(max-width: 1280px) 100vw, 1280px\" \/><\/a>\n\t\t\t<\/div><\/figure><figure class='gallery-item'>\n\t\t\t<div class='gallery-icon landscape'>\n\t\t\t\t<a data-elementor-open-lightbox=\"yes\" data-elementor-lightbox-slideshow=\"10eec6d\" data-elementor-lightbox-title=\"2-4\" href='https:\/\/extreme-club.pl\/wp-content\/uploads\/2021\/06\/2-4.jpg'><img width=\"1280\" height=\"769\" src=\"https:\/\/extreme-club.pl\/wp-content\/uploads\/2021\/06\/2-4.jpg\" class=\"attachment-full size-full\" alt=\"\" loading=\"lazy\" srcset=\"https:\/\/extreme-club.pl\/wp-content\/uploads\/2021\/06\/2-4.jpg 1280w, https:\/\/extreme-club.pl\/wp-content\/uploads\/2021\/06\/2-4-300x180.jpg 300w, https:\/\/extreme-club.pl\/wp-content\/uploads\/2021\/06\/2-4-1024x615.jpg 1024w, https:\/\/extreme-club.pl\/wp-content\/uploads\/2021\/06\/2-4-768x461.jpg 768w\" sizes=\"(max-width: 1280px) 100vw, 1280px\" \/><\/a>\n\t\t\t<\/div><\/figure>\n\t\t<\/div>\n\t\t<\/div>\n\t\t\t\t<\/div>\n\t\t\t\t<\/div>\n\t\t\t\t\t<\/div>\n\t\t<\/div>\n\t\t\t\t\t\t\t<\/div>\n\t\t<\/section>\n\t\t\t\t\t\t<\/div>\n\t\t\t\t\t<\/div>\n\t\t","protected":false},"excerpt":{"rendered":"<p>Extreme Dream Park Extreme Dream Park w \u0141\u0119gowie k. Gda\u0144ska to wyj\u0105tkowe miejsce, kt\u00f3re przygotowali\u015bmy specjalnie z my\u015bl\u0105 o wszelkiego rodzaju imprezach plenerowych. Sze\u015bciohektarowy teren idealnie sprawdza si\u0119 zar\u00f3wno przy ma\u0142ych imprezach team-buildingowych jak i piknikach rodzinnych dla kilku tysi\u0119cy uczestnik\u00f3w. To jedyne takie miejsce na p\u00f3\u0142nocy Polski, kt\u00f3re posiada jednocze\u015bnie specjalnie przygotowany tor off-roadowy &hellip;<\/p>\n<p class=\"read-more\"> <a class=\"\" href=\"https:\/\/extreme-club.pl\/?page_id=3634\"> <span class=\"screen-reader-text\">EXTREME DREAM PARK<\/span> Read More &raquo;<\/a><\/p>\n","protected":false},"author":1,"featured_media":0,"parent":0,"menu_order":0,"comment_status":"closed","ping_status":"closed","template":"","meta":[],"_links":{"self":[{"href":"https:\/\/extreme-club.pl\/index.php?rest_route=\/wp\/v2\/pages\/3634"}],"collection":[{"href":"https:\/\/extreme-club.pl\/index.php?rest_route=\/wp\/v2\/pages"}],"about":[{"href":"https:\/\/extreme-club.pl\/index.php?rest_route=\/wp\/v2\/types\/page"}],"author":[{"embeddable":true,"href":"https:\/\/extreme-club.pl\/index.php?rest_route=\/wp\/v2\/users\/1"}],"replies":[{"embeddable":true,"href":"https:\/\/extreme-club.pl\/index.php?rest_route=%2Fwp%2Fv2%2Fcomments&post=3634"}],"version-history":[{"count":14,"href":"https:\/\/extreme-club.pl\/index.php?rest_route=\/wp\/v2\/pages\/3634\/revisions"}],"predecessor-version":[{"id":4695,"href":"https:\/\/extreme-club.pl\/index.php?rest_route=\/wp\/v2\/pages\/3634\/revisions\/4695"}],"wp:attachment":[{"href":"https:\/\/extreme-club.pl\/index.php?rest_route=%2Fwp%2Fv2%2Fmedia&parent=3634"}],"curies":[{"name":"wp","href":"https:\/\/api.w.org\/{rel}","templated":true}]}}