{"id":3776,"date":"2021-06-08T14:37:52","date_gmt":"2021-06-08T14:37:52","guid":{"rendered":"https:\/\/extremalnie.m-smart.pl\/?page_id=3776"},"modified":"2021-06-10T19:06:14","modified_gmt":"2021-06-10T19:06:14","slug":"piknik-na-plazy","status":"publish","type":"page","link":"https:\/\/extreme-club.pl\/?page_id=3776","title":{"rendered":"PIKNIK NA PLA\u017bY"},"content":{"rendered":"\t\t<div data-elementor-type=\"wp-post\" data-elementor-id=\"3776\" class=\"elementor elementor-3776\" data-elementor-settings=\"[]\">\n\t\t\t\t\t\t\t<div class=\"elementor-section-wrap\">\n\t\t\t\t\t\t\t<section class=\"elementor-section elementor-top-section elementor-element elementor-element-7116a5b2 elementor-section-boxed elementor-section-height-default elementor-section-height-default\" data-id=\"7116a5b2\" data-element_type=\"section\" data-settings=\"{&quot;background_background&quot;:&quot;classic&quot;}\">\n\t\t\t\t\t\t\t<div class=\"elementor-background-overlay\"><\/div>\n\t\t\t\t\t\t\t<div class=\"elementor-container elementor-column-gap-no\">\n\t\t\t\t\t<div class=\"elementor-column elementor-col-100 elementor-top-column elementor-element elementor-element-6439be06\" data-id=\"6439be06\" data-element_type=\"column\" data-settings=\"{&quot;background_background&quot;:&quot;classic&quot;}\">\n\t\t\t<div class=\"elementor-widget-wrap elementor-element-populated\">\n\t\t\t\t\t\t\t\t<div class=\"elementor-element elementor-element-198df6ee elementor-widget elementor-widget-heading\" data-id=\"198df6ee\" data-element_type=\"widget\" data-widget_type=\"heading.default\">\n\t\t\t\t<div class=\"elementor-widget-container\">\n\t\t\t<h1 class=\"elementor-heading-title elementor-size-default\">Piknik na pla\u017cy<\/h1>\t\t<\/div>\n\t\t\t\t<\/div>\n\t\t\t\t\t<\/div>\n\t\t<\/div>\n\t\t\t\t\t\t\t<\/div>\n\t\t<\/section>\n\t\t\t\t<section class=\"elementor-section elementor-top-section elementor-element elementor-element-d5a46b6 elementor-section-boxed elementor-section-height-default elementor-section-height-default\" data-id=\"d5a46b6\" data-element_type=\"section\">\n\t\t\t\t\t\t<div class=\"elementor-container elementor-column-gap-default\">\n\t\t\t\t\t<div class=\"elementor-column elementor-col-50 elementor-top-column elementor-element elementor-element-06ec398\" data-id=\"06ec398\" data-element_type=\"column\">\n\t\t\t<div class=\"elementor-widget-wrap elementor-element-populated\">\n\t\t\t\t\t\t\t\t<div class=\"elementor-element elementor-element-28406d0 elementor-widget elementor-widget-text-editor\" data-id=\"28406d0\" data-element_type=\"widget\" data-widget_type=\"text-editor.default\">\n\t\t\t\t<div class=\"elementor-widget-container\">\n\t\t\t\t\t\t\t<p>Zorganizowanie pikniku rodzinnego nawet dla kilku tysi\u0119cy os\u00f3b nie jest dla nas \u017cadnym problemem. Jeste\u015bmy kompleksowym wykonawc\u0105 tego typu us\u0142ug, tzn. nie tylko odpowiadamy za dostarczenie i obs\u0142ug\u0119 profesjonalnego sprz\u0119tu, ale tak\u017ce przygotujemy dla Pa\u0144stwa reklam\u0119 i promocj\u0119 wydarzenia.<br \/>Dla podniesienia presti\u017cu imprezy oprawimy j\u0105 w atrakcyjne has\u0142o \u2013 nazw\u0119, kt\u00f3ra na sta\u0142e zapadnie w pami\u0119\u0107 uczestnik\u00f3w pikniku, zaprojektujemy ciekawe logo, kt\u00f3re zdobi\u0107 b\u0119dzie koszulki instruktor\u00f3w, uczestnik\u00f3w, balony i inne gad\u017cety. Na Pa\u0144stwa \u017cyczenie stworzymy projekt plakat\u00f3w, baner\u00f3w i zaprosze\u0144, a tak\u017ce specjalne Paszporty, kt\u00f3re na pikniku b\u0119d\u0105 pe\u0142ni\u0142y funkcj\u0119 informatora z mapk\u0105 terenu oraz b\u0119d\u0105 kart\u0105 umo\u017cliwiaj\u0105c\u0105 zbieranie punkt\u00f3w za uczestnictwo w poszczeg\u00f3lnych atrakcjach. Imprez\u0119 mo\u017cemy przeprowadzi\u0107 w formie typowo rekreacyjnej oraz na zasadzie rywalizacji, podczas kt\u00f3rej uczestnicy zbieraj\u0105c punkty walcz\u0105 o nagrod\u0119.<br \/>Czy to pla\u017ca, las, boisko czy teren osiedla, przygotujemy Pa\u0144stwu obiad, np. catering grillowy, kt\u00f3ry \u015bwietnie si\u0119 sprawdza na tego typu imprezach. Dla najm\u0142odszych przygotujemy maszyn\u0119 do waty cukrowej, popcornu, czy stoisko z nale\u015bnikami. Dysponujemy tak\u017ce zapleczem \u0142aw i sto\u0142\u00f3w, organizujemy ochron\u0119 obiektu, s\u0142u\u017cb\u0119 medyczn\u0105, a dla matek z dzieckiem specjalnie wyposa\u017cony namiot. Specjalnie pod Pa\u0144stwa gusta dobierzemy tak\u017ce zesp\u00f3\u0142 muzyczny i DJ\u2019a, kt\u00f3rzy zapewni\u0105 muzyczn\u0105 opraw\u0119 imprezy.<br \/>Nasze atrakcje to niepowtarzalne urz\u0105dzenia pneumatyczne, takie jak Mega Arena Speedballowa\/Paintballowa, minihopodrom, symulator rodeo, a tak\u017ce niezwyk\u0142e pojazdy Segwaye czy trena\u017cer lot\u00f3w i wiele innych. Je\u015bli piknik odbywa si\u0119 nad wod\u0105, zapewniamy wyj\u0105tkowy sprz\u0119t motorowodny i wszelakie zabawki z nim zwi\u0105zane: dmuchane tuby, narty wodne, wakeboarding i inne! Tego nie znajdziecie Pa\u0144stwo nigdzie indziej! Ka\u017cdy, du\u017cy czy ma\u0142y, znajdzie co\u015b dla siebie, a my zapewnimy nie tylko doskona\u0142\u0105, ale i bezpieczn\u0105 zabaw\u0119.<\/p>\t\t\t\t\t\t<\/div>\n\t\t\t\t<\/div>\n\t\t\t\t\t<\/div>\n\t\t<\/div>\n\t\t\t\t<div class=\"elementor-column elementor-col-50 elementor-top-column elementor-element elementor-element-de586f5\" data-id=\"de586f5\" data-element_type=\"column\">\n\t\t\t<div class=\"elementor-widget-wrap elementor-element-populated\">\n\t\t\t\t\t\t\t\t<div class=\"elementor-element elementor-element-63e0f71 elementor-widget elementor-widget-image\" data-id=\"63e0f71\" data-element_type=\"widget\" data-widget_type=\"image.default\">\n\t\t\t\t<div class=\"elementor-widget-container\">\n\t\t\t\t\t\t\t\t\t\t\t\t\t\t\t<img width=\"1024\" height=\"459\" src=\"https:\/\/extreme-club.pl\/wp-content\/uploads\/2021\/06\/SPRZE\u00a6ET-JEZ\u00a6cDZ\u00a6cA\u00a6ECY_HEL_29.08.2012_PHOTO-GRZEGORZ-PACHLA_364-1024x459.jpg\" class=\"attachment-large size-large\" alt=\"\" loading=\"lazy\" srcset=\"https:\/\/extreme-club.pl\/wp-content\/uploads\/2021\/06\/SPRZE\u00a6ET-JEZ\u00a6cDZ\u00a6cA\u00a6ECY_HEL_29.08.2012_PHOTO-GRZEGORZ-PACHLA_364-1024x459.jpg 1024w, https:\/\/extreme-club.pl\/wp-content\/uploads\/2021\/06\/SPRZE\u00a6ET-JEZ\u00a6cDZ\u00a6cA\u00a6ECY_HEL_29.08.2012_PHOTO-GRZEGORZ-PACHLA_364-300x135.jpg 300w, https:\/\/extreme-club.pl\/wp-content\/uploads\/2021\/06\/SPRZE\u00a6ET-JEZ\u00a6cDZ\u00a6cA\u00a6ECY_HEL_29.08.2012_PHOTO-GRZEGORZ-PACHLA_364-768x344.jpg 768w, https:\/\/extreme-club.pl\/wp-content\/uploads\/2021\/06\/SPRZE\u00a6ET-JEZ\u00a6cDZ\u00a6cA\u00a6ECY_HEL_29.08.2012_PHOTO-GRZEGORZ-PACHLA_364.jpg 1280w\" sizes=\"(max-width: 1024px) 100vw, 1024px\" \/>\t\t\t\t\t\t\t\t\t\t\t\t\t\t\t<\/div>\n\t\t\t\t<\/div>\n\t\t\t\t<div class=\"elementor-element elementor-element-dfb9a78 elementor-widget elementor-widget-image\" data-id=\"dfb9a78\" data-element_type=\"widget\" data-widget_type=\"image.default\">\n\t\t\t\t<div class=\"elementor-widget-container\">\n\t\t\t\t\t\t\t\t\t\t\t\t\t\t\t<img width=\"1024\" height=\"682\" src=\"https:\/\/extreme-club.pl\/wp-content\/uploads\/2021\/06\/DSC_8047-1024x682.jpg\" class=\"attachment-large size-large\" alt=\"\" loading=\"lazy\" srcset=\"https:\/\/extreme-club.pl\/wp-content\/uploads\/2021\/06\/DSC_8047-1024x682.jpg 1024w, https:\/\/extreme-club.pl\/wp-content\/uploads\/2021\/06\/DSC_8047-300x200.jpg 300w, https:\/\/extreme-club.pl\/wp-content\/uploads\/2021\/06\/DSC_8047-768x511.jpg 768w, https:\/\/extreme-club.pl\/wp-content\/uploads\/2021\/06\/DSC_8047.jpg 1280w\" sizes=\"(max-width: 1024px) 100vw, 1024px\" \/>\t\t\t\t\t\t\t\t\t\t\t\t\t\t\t<\/div>\n\t\t\t\t<\/div>\n\t\t\t\t<div class=\"elementor-element elementor-element-750cb9a elementor-widget elementor-widget-image\" data-id=\"750cb9a\" data-element_type=\"widget\" data-widget_type=\"image.default\">\n\t\t\t\t<div class=\"elementor-widget-container\">\n\t\t\t\t\t\t\t\t\t\t\t\t\t\t\t<img width=\"1024\" height=\"683\" src=\"https:\/\/extreme-club.pl\/wp-content\/uploads\/2021\/06\/motorowodna_przygoda_161-1-1024x683.jpg\" class=\"attachment-large size-large\" alt=\"\" loading=\"lazy\" srcset=\"https:\/\/extreme-club.pl\/wp-content\/uploads\/2021\/06\/motorowodna_przygoda_161-1-1024x683.jpg 1024w, https:\/\/extreme-club.pl\/wp-content\/uploads\/2021\/06\/motorowodna_przygoda_161-1-300x200.jpg 300w, https:\/\/extreme-club.pl\/wp-content\/uploads\/2021\/06\/motorowodna_przygoda_161-1-768x512.jpg 768w, https:\/\/extreme-club.pl\/wp-content\/uploads\/2021\/06\/motorowodna_przygoda_161-1.jpg 1200w\" sizes=\"(max-width: 1024px) 100vw, 1024px\" \/>\t\t\t\t\t\t\t\t\t\t\t\t\t\t\t<\/div>\n\t\t\t\t<\/div>\n\t\t\t\t\t<\/div>\n\t\t<\/div>\n\t\t\t\t\t\t\t<\/div>\n\t\t<\/section>\n\t\t\t\t\t\t<\/div>\n\t\t\t\t\t<\/div>\n\t\t","protected":false},"excerpt":{"rendered":"<p>Piknik na pla\u017cy Zorganizowanie pikniku rodzinnego nawet dla kilku tysi\u0119cy os\u00f3b nie jest dla nas \u017cadnym problemem. Jeste\u015bmy kompleksowym wykonawc\u0105 tego typu us\u0142ug, tzn. nie tylko odpowiadamy za dostarczenie i obs\u0142ug\u0119 profesjonalnego sprz\u0119tu, ale tak\u017ce przygotujemy dla Pa\u0144stwa reklam\u0119 i promocj\u0119 wydarzenia.Dla podniesienia presti\u017cu imprezy oprawimy j\u0105 w atrakcyjne has\u0142o \u2013 nazw\u0119, kt\u00f3ra na sta\u0142e &hellip;<\/p>\n<p class=\"read-more\"> <a class=\"\" href=\"https:\/\/extreme-club.pl\/?page_id=3776\"> <span class=\"screen-reader-text\">PIKNIK NA PLA\u017bY<\/span> Read More &raquo;<\/a><\/p>\n","protected":false},"author":1,"featured_media":0,"parent":0,"menu_order":0,"comment_status":"closed","ping_status":"closed","template":"","meta":[],"_links":{"self":[{"href":"https:\/\/extreme-club.pl\/index.php?rest_route=\/wp\/v2\/pages\/3776"}],"collection":[{"href":"https:\/\/extreme-club.pl\/index.php?rest_route=\/wp\/v2\/pages"}],"about":[{"href":"https:\/\/extreme-club.pl\/index.php?rest_route=\/wp\/v2\/types\/page"}],"author":[{"embeddable":true,"href":"https:\/\/extreme-club.pl\/index.php?rest_route=\/wp\/v2\/users\/1"}],"replies":[{"embeddable":true,"href":"https:\/\/extreme-club.pl\/index.php?rest_route=%2Fwp%2Fv2%2Fcomments&post=3776"}],"version-history":[{"count":7,"href":"https:\/\/extreme-club.pl\/index.php?rest_route=\/wp\/v2\/pages\/3776\/revisions"}],"predecessor-version":[{"id":4743,"href":"https:\/\/extreme-club.pl\/index.php?rest_route=\/wp\/v2\/pages\/3776\/revisions\/4743"}],"wp:attachment":[{"href":"https:\/\/extreme-club.pl\/index.php?rest_route=%2Fwp%2Fv2%2Fmedia&parent=3776"}],"curies":[{"name":"wp","href":"https:\/\/api.w.org\/{rel}","templated":true}]}}